{"id":49,"date":"2025-08-28T08:53:07","date_gmt":"2025-08-28T08:53:07","guid":{"rendered":"http:\/\/hedonismwinetravel.com\/?page_id=49"},"modified":"2025-09-09T12:55:28","modified_gmt":"2025-09-09T12:55:28","slug":"le-vignoble-dalsace","status":"publish","type":"page","link":"https:\/\/hedonismwinetravel.com\/index.php\/le-vignoble-dalsace\/","title":{"rendered":"Le vignoble d&rsquo;Alsace"},"content":{"rendered":"\t\t<div data-elementor-type=\"wp-page\" data-elementor-id=\"49\" class=\"elementor elementor-49\">\n\t\t\t\t<div class=\"elementor-element elementor-element-10939fa e-flex e-con-boxed e-con e-parent\" data-id=\"10939fa\" data-element_type=\"container\" data-e-type=\"container\">\n\t\t\t\t\t<div class=\"e-con-inner\">\n\t\t<div class=\"elementor-element elementor-element-4140056 e-con-full e-flex e-con e-child\" data-id=\"4140056\" data-element_type=\"container\" data-e-type=\"container\">\n\t\t\t\t<div class=\"elementor-element elementor-element-4e082cf elementor-widget elementor-widget-heading\" data-id=\"4e082cf\" data-element_type=\"widget\" data-e-type=\"widget\" data-widget_type=\"heading.default\">\n\t\t\t\t\t<h2 class=\"elementor-heading-title elementor-size-default\">Les tr\u00e9sors d\u2019Alsace<\/h2>\t\t\t\t<\/div>\n\t\t\t\t<div class=\"elementor-element elementor-element-97de03b elementor-widget elementor-widget-image\" data-id=\"97de03b\" data-element_type=\"widget\" data-e-type=\"widget\" data-widget_type=\"image.default\">\n\t\t\t\t\t\t\t\t\t\t\t\t\t\t\t<img fetchpriority=\"high\" decoding=\"async\" width=\"585\" height=\"330\" src=\"https:\/\/hedonismwinetravel.com\/wp-content\/uploads\/2025\/09\/STRASBOURG.jpg\" class=\"attachment-large size-large wp-image-182\" alt=\"\u0152notourisme et vignoble d&#039;alsace\" srcset=\"https:\/\/hedonismwinetravel.com\/wp-content\/uploads\/2025\/09\/STRASBOURG.jpg 585w, https:\/\/hedonismwinetravel.com\/wp-content\/uploads\/2025\/09\/STRASBOURG-300x169.jpg 300w\" sizes=\"(max-width: 585px) 100vw, 585px\" \/>\t\t\t\t\t\t\t\t\t\t\t\t\t\t\t<\/div>\n\t\t\t\t<div class=\"elementor-element elementor-element-8d04295 elementor-widget elementor-widget-image\" data-id=\"8d04295\" data-element_type=\"widget\" data-e-type=\"widget\" data-widget_type=\"image.default\">\n\t\t\t\t\t\t\t\t\t\t\t\t\t\t\t<img decoding=\"async\" width=\"292\" height=\"489\" src=\"https:\/\/hedonismwinetravel.com\/wp-content\/uploads\/2025\/09\/ROUTE-alsace.jpg\" class=\"attachment-large size-large wp-image-183\" alt=\"\" srcset=\"https:\/\/hedonismwinetravel.com\/wp-content\/uploads\/2025\/09\/ROUTE-alsace.jpg 292w, https:\/\/hedonismwinetravel.com\/wp-content\/uploads\/2025\/09\/ROUTE-alsace-179x300.jpg 179w\" sizes=\"(max-width: 292px) 100vw, 292px\" \/>\t\t\t\t\t\t\t\t\t\t\t\t\t\t\t<\/div>\n\t\t\t\t<\/div>\n\t\t<div class=\"elementor-element elementor-element-20c37ce e-con-full e-flex e-con e-child\" data-id=\"20c37ce\" data-element_type=\"container\" data-e-type=\"container\" data-settings=\"{&quot;background_background&quot;:&quot;classic&quot;}\">\n\t\t\t\t<div class=\"elementor-element elementor-element-4bd4547 elementor-widget elementor-widget-text-editor\" data-id=\"4bd4547\" data-element_type=\"widget\" data-e-type=\"widget\" data-widget_type=\"text-editor.default\">\n\t\t\t\t\t\t\t\t\t<p><strong>Jour 1\u00a0: Strasbourg<br \/>Matin\u00a0:<\/strong> excursion avec un guide priv\u00e9 \u00e0 Strasbourg, 3 heures. Capitale europ\u00e9enne et \u00e9conomique, m\u00e9tropole \u00e0 dimension humaine, Strasbourg puise ses forces dans son histoire, sa culture et sa position g\u00e9ographique.<br \/><strong>D\u00e9jeuner\u00a0:<\/strong> restaurant ESPRIT TERROIR, son chef Jo\u00ebl Philipps met en avant le terroir fran\u00e7ais. Sa cuisine est cr\u00e9ative, subtile et renouvel\u00e9e r\u00e9guli\u00e8rement selon les produits frais rigoureusement s\u00e9lectionn\u00e9s.<br \/><strong>L\u2019apr\u00e8s-midi\u00a0:<\/strong> d\u00e9gustation \u00e0 la CAVE HISTORIQUE DES HOSPICES DE STRASBOURG. La plus ancienne cave \u00e0 vin de Strasbourg (14 si\u00e8cles) avec une s\u00e9lection impressionnante des vins Alsaciens. La cave historique des hospices civils abrite un des plus vieux alcools du monde, un vin blanc de 1472. Malgr\u00e9 son \u00e2ge, il pr\u00e9sente, selon le contr\u00f4le \u0153nologique de 1994, une tr\u00e8s belle robe brillante, tr\u00e8s ambr\u00e9e, un nez puissant, tr\u00e8s fin, une tr\u00e8s grande complexit\u00e9, des ar\u00f4mes rappelant la vanille, le miel, la cire, le camphre, les \u00e9pices fines, la noisette et la liqueur de fruit.<br \/><strong>H\u00e9bergement\u00a0:<\/strong> L&rsquo;h\u00f4tel <strong>Sofitel Strasbourg Grande \u00cele*****<\/strong> est un \u00e9crin de luxe contemporain en plein centre m\u00e9di\u00e9val de Strasbourg, class\u00e9 au patrimoine mondial de l&rsquo;Unesco. Cet h\u00f4tel est certifi\u00e9 Planet 21 &#8211; Argent.<\/p><p><strong>Jour 2\u00a0:<\/strong> <strong>La route des vins d\u2019Alsace<br \/><\/strong>Connue dans le Monde entier, elle traverse le vignoble sur 170km depuis 1953, date de son inauguration. C\u2019est l\u2019une des plus anciennes routes des vins de France.<br \/>Nous allons commencer par <strong>le Mont Sainte Odile <\/strong>(\u00e0 47 km de Strasbourg) &#8211; le couvent qui fait partie des sites incontournables en Alsace et un haut lieu de p\u00e8lerinage d\u00e9di\u00e9 \u00e0 Sainte Odile, patronne des Alsaciens. Nous allons visiter\u00a0le tombeau de Sainte Odile et apprendre son histoire \u00e9tonnante, les chapelles des Larmes et des Anges, la terrasse panoramique offrant une vue extraordinaire sur la plaine d\u2019Alsace et la source miraculeuse (\u00e0 15 minutes \u00e0 pied).<br \/>Ensuite nous allons faire un saut au superbe <strong>village de Barr <\/strong>(17 km du Mont Sainte Odile) peu connu des touristes. Son centre historique, remarquablement pr\u00e9serv\u00e9, poss\u00e8de un grand nombre de belles maisons \u00e0 colombages.<br \/>Visite et d\u00e9gustation des <strong>Grands Crus d\u2019Alsace du DOMAINE\u00a0KLIPFEL<\/strong>. Depuis 1824, les g\u00e9n\u00e9rations successives ont entretenu avec passion et rigueur, l&rsquo;amour de la terre et du travail bien fait. Jean-Louis Lorentz-Klipfel dirige actuellement la Maison avec ses 3 filles dans le plus pur respect de cette tradition, entour\u00e9 de sa famille forte de 6 g\u00e9n\u00e9rations.<\/p>\t\t\t\t\t\t\t\t<\/div>\n\t\t\t\t<\/div>\n\t\t\t\t\t<\/div>\n\t\t\t\t<\/div>\n\t\t\t\t<\/div>\n\t\t","protected":false},"excerpt":{"rendered":"<p>Les tr\u00e9sors d\u2019Alsace Jour 1\u00a0: StrasbourgMatin\u00a0: excursion avec un guide priv\u00e9 \u00e0 Strasbourg, 3 heures. Capitale europ\u00e9enne et \u00e9conomique, m\u00e9tropole [&hellip;]<\/p>\n","protected":false},"author":1,"featured_media":0,"parent":0,"menu_order":0,"comment_status":"closed","ping_status":"closed","template":"","meta":{"site-sidebar-layout":"no-sidebar","site-content-layout":"","ast-site-content-layout":"full-width-container","site-content-style":"default","site-sidebar-style":"default","ast-global-header-display":"","ast-banner-title-visibility":"","ast-main-header-display":"","ast-hfb-above-header-display":"","ast-hfb-below-header-display":"","ast-hfb-mobile-header-display":"","site-post-title":"","ast-breadcrumbs-content":"","ast-featured-img":"disabled","footer-sml-layout":"","theme-transparent-header-meta":"","adv-header-id-meta":"","stick-header-meta":"","header-above-stick-meta":"","header-main-stick-meta":"","header-below-stick-meta":"","astra-migrate-meta-layouts":"default","ast-page-background-enabled":"default","ast-page-background-meta":{"desktop":{"background-color":"var(--ast-global-color-5)","background-image":"","background-repeat":"repeat","background-position":"center center","background-size":"auto","background-attachment":"scroll","background-type":"","background-media":"","overlay-type":"","overlay-color":"","overlay-opacity":"","overlay-gradient":""},"tablet":{"background-color":"","background-image":"","background-repeat":"repeat","background-position":"center center","background-size":"auto","background-attachment":"scroll","background-type":"","background-media":"","overlay-type":"","overlay-color":"","overlay-opacity":"","overlay-gradient":""},"mobile":{"background-color":"","background-image":"","background-repeat":"repeat","background-position":"center center","background-size":"auto","background-attachment":"scroll","background-type":"","background-media":"","overlay-type":"","overlay-color":"","overlay-opacity":"","overlay-gradient":""}},"ast-content-background-meta":{"desktop":{"background-color":"var(--ast-global-color-4)","background-image":"","background-repeat":"repeat","background-position":"center center","background-size":"auto","background-attachment":"scroll","background-type":"","background-media":"","overlay-type":"","overlay-color":"","overlay-opacity":"","overlay-gradient":""},"tablet":{"background-color":"var(--ast-global-color-4)","background-image":"","background-repeat":"repeat","background-position":"center center","background-size":"auto","background-attachment":"scroll","background-type":"","background-media":"","overlay-type":"","overlay-color":"","overlay-opacity":"","overlay-gradient":""},"mobile":{"background-color":"var(--ast-global-color-4)","background-image":"","background-repeat":"repeat","background-position":"center center","background-size":"auto","background-attachment":"scroll","background-type":"","background-media":"","overlay-type":"","overlay-color":"","overlay-opacity":"","overlay-gradient":""}},"footnotes":""},"class_list":["post-49","page","type-page","status-publish","hentry"],"_links":{"self":[{"href":"https:\/\/hedonismwinetravel.com\/index.php\/wp-json\/wp\/v2\/pages\/49","targetHints":{"allow":["GET"]}}],"collection":[{"href":"https:\/\/hedonismwinetravel.com\/index.php\/wp-json\/wp\/v2\/pages"}],"about":[{"href":"https:\/\/hedonismwinetravel.com\/index.php\/wp-json\/wp\/v2\/types\/page"}],"author":[{"embeddable":true,"href":"https:\/\/hedonismwinetravel.com\/index.php\/wp-json\/wp\/v2\/users\/1"}],"replies":[{"embeddable":true,"href":"https:\/\/hedonismwinetravel.com\/index.php\/wp-json\/wp\/v2\/comments?post=49"}],"version-history":[{"count":37,"href":"https:\/\/hedonismwinetravel.com\/index.php\/wp-json\/wp\/v2\/pages\/49\/revisions"}],"predecessor-version":[{"id":527,"href":"https:\/\/hedonismwinetravel.com\/index.php\/wp-json\/wp\/v2\/pages\/49\/revisions\/527"}],"wp:attachment":[{"href":"https:\/\/hedonismwinetravel.com\/index.php\/wp-json\/wp\/v2\/media?parent=49"}],"curies":[{"name":"wp","href":"https:\/\/api.w.org\/{rel}","templated":true}]}}