{"id":51,"date":"2025-08-28T08:54:07","date_gmt":"2025-08-28T08:54:07","guid":{"rendered":"http:\/\/hedonismwinetravel.com\/?page_id=51"},"modified":"2025-09-08T17:49:21","modified_gmt":"2025-09-08T17:49:21","slug":"les-maisons-de-champagne","status":"publish","type":"page","link":"https:\/\/hedonismwinetravel.com\/index.php\/les-maisons-de-champagne\/","title":{"rendered":"Les Maisons de Champagne"},"content":{"rendered":"\t\t<div data-elementor-type=\"wp-page\" data-elementor-id=\"51\" class=\"elementor elementor-51\">\n\t\t\t\t<div class=\"elementor-element elementor-element-8a88820 e-flex e-con-boxed e-con e-parent\" data-id=\"8a88820\" data-element_type=\"container\" data-e-type=\"container\">\n\t\t\t\t\t<div class=\"e-con-inner\">\n\t\t<div class=\"elementor-element elementor-element-ad69f6e e-con-full e-flex e-con e-child\" data-id=\"ad69f6e\" data-element_type=\"container\" data-e-type=\"container\">\n\t\t\t\t<div class=\"elementor-element elementor-element-85127f5 elementor-widget elementor-widget-heading\" data-id=\"85127f5\" data-element_type=\"widget\" data-e-type=\"widget\" data-widget_type=\"heading.default\">\n\t\t\t\t\t<h2 class=\"elementor-heading-title elementor-size-default\">Champagne \u2013 La l\u00e9gende et la gloire de France<\/h2>\t\t\t\t<\/div>\n\t\t\t\t<div class=\"elementor-element elementor-element-0fac452 elementor-widget elementor-widget-image\" data-id=\"0fac452\" data-element_type=\"widget\" data-e-type=\"widget\" data-widget_type=\"image.default\">\n\t\t\t\t\t\t\t\t\t\t\t\t\t\t\t<img fetchpriority=\"high\" decoding=\"async\" width=\"562\" height=\"822\" src=\"https:\/\/hedonismwinetravel.com\/wp-content\/uploads\/2025\/09\/CATHEDRALE-REIMS-DPI.jpg\" class=\"attachment-large size-large wp-image-282\" alt=\"Cath\u00e9drale de Reims au c\u0153ur de la champagne\" srcset=\"https:\/\/hedonismwinetravel.com\/wp-content\/uploads\/2025\/09\/CATHEDRALE-REIMS-DPI.jpg 562w, https:\/\/hedonismwinetravel.com\/wp-content\/uploads\/2025\/09\/CATHEDRALE-REIMS-DPI-205x300.jpg 205w\" sizes=\"(max-width: 562px) 100vw, 562px\" \/>\t\t\t\t\t\t\t\t\t\t\t\t\t\t\t<\/div>\n\t\t\t\t<div class=\"elementor-element elementor-element-fc86384 elementor-widget elementor-widget-image\" data-id=\"fc86384\" data-element_type=\"widget\" data-e-type=\"widget\" data-widget_type=\"image.default\">\n\t\t\t\t\t\t\t\t\t\t\t\t\t\t\t<img decoding=\"async\" width=\"420\" height=\"516\" src=\"https:\/\/hedonismwinetravel.com\/wp-content\/uploads\/2025\/09\/ROUTE-champagne.jpg\" class=\"attachment-large size-large wp-image-283\" alt=\"\" srcset=\"https:\/\/hedonismwinetravel.com\/wp-content\/uploads\/2025\/09\/ROUTE-champagne.jpg 420w, https:\/\/hedonismwinetravel.com\/wp-content\/uploads\/2025\/09\/ROUTE-champagne-244x300.jpg 244w\" sizes=\"(max-width: 420px) 100vw, 420px\" \/>\t\t\t\t\t\t\t\t\t\t\t\t\t\t\t<\/div>\n\t\t\t\t<div class=\"elementor-element elementor-element-cbf7e4a elementor-widget elementor-widget-heading\" data-id=\"cbf7e4a\" data-element_type=\"widget\" data-e-type=\"widget\" data-widget_type=\"heading.default\">\n\t\t\t\t\t<h2 class=\"elementor-heading-title elementor-size-default\"><a href=\"https:\/\/www.youtube.com\/watch?v=YlTslheCtC0&#038;msockid=2577d352896b11f0b98aa7ec0ac03ff3\">Vid\u00e9o de la Champagne<\/a><\/h2>\t\t\t\t<\/div>\n\t\t\t\t<\/div>\n\t\t<div class=\"elementor-element elementor-element-10e2cc6 e-con-full e-flex e-con e-child\" data-id=\"10e2cc6\" data-element_type=\"container\" data-e-type=\"container\" data-settings=\"{&quot;background_background&quot;:&quot;classic&quot;}\">\n\t\t\t\t<div class=\"elementor-element elementor-element-a55046e elementor-widget elementor-widget-text-editor\" data-id=\"a55046e\" data-element_type=\"widget\" data-e-type=\"widget\" data-widget_type=\"text-editor.default\">\n\t\t\t\t\t\t\t\t\t<p><b>Jour 1<\/b> : destination \u00c9pernay.<br \/><b>Matin<\/b> : voyage en v\u00e9hicule \u00e9cologique haut de gamme \u00e0 Epernay au d\u00e9part de Paris (1h40min de route).<br \/>Nous allons commencer par une visite de la <b>Maison Champagne Laurent B\u00e9nard<\/b>. Ing\u00e9nieur de formation Laurent B\u00e9nard a une approche personnelle du Champagne, reflet de sa sensibilit\u00e9 et de ses valeurs. C\u2019est en 2009 que les Champagnes Laurent B\u00e9nard travaillent leurs vignes et leur vinification en bio dans le but d\u2019offrir des perspectives de d\u00e9gustation de plus en plus riches et complexes.<br \/><b>D\u00e9jeuner<\/b> : Le <b>Royal Champagne<\/b>, une \u00e9tape incontournable de la gastronomie, propose deux restaurants d&rsquo;exception : Le Royal, qui a \u00e9t\u00e9 r\u00e9compens\u00e9 d&rsquo;une \u00e9toile au Guide Michelin, et le charmant restaurant bistronomique, Le Bellevue.<br \/><b>L\u2019apr\u00e8s-midi<\/b> : l&rsquo;avenue de Champagne, class\u00e9e \u201cSite Remarquable du Go\u00fbt en France\u201d, ainsi que les rues voisines situ\u00e9es au c\u0153ur d&rsquo;Epernay, cachent un tr\u00e9sor : sous la ville, plus de 110 km de caves creus\u00e9es dans la craie regorgent de champagne au reflet d&rsquo;or ! Au total, on d\u00e9nombre plus de 200 millions de bouteilles. Visite chez Mo\u00ebt &amp; Chandon vous donnera le sentiment durable de cr\u00e9er un lien personnel avec la Maison, une exp\u00e9rience m\u00e9morable et fascinante qui vous permettra d&rsquo;appr\u00e9cier toutes les nuances de ses champagnes. Le style <b>Mo\u00ebt &amp; Chandon <\/b>est singulier : un fruit\u00e9 \u00e9clatant, un palais savoureux et une maturit\u00e9 \u00e9l\u00e9gante, r\u00e9sultat d\u2019une progression lente et graduelle du vignoble \u00e0 la cave.<\/p><p><b>Jour 2 <\/b>: Reims<br \/><b>Matin<\/b> : excursion \u00e0 Reims. Voyage au c\u0153ur du patrimoine UNESCO. Des tr\u00e9sors \u00e0 la valeur inestimable.<br \/><b>D\u00e9jeuner<\/b> : restaurant gastronomique LE MILLENAIRE &#8211; une table d&rsquo;une prestance toute contemporaine, associant tons cr\u00e8me, ch\u00eane clair et lignes \u00e9l\u00e9gantes. Une v\u00e9ritable invitation \u00e0 d\u00e9couvrir cette cuisine r\u00e9alis\u00e9e \u00e0 quatre mains (p\u00e8re et fils), bien ancr\u00e9e dans le si\u00e8cle&#8230; et dans le Mill\u00e9naire.<br \/><b>L\u2019apr\u00e8s-midi <\/b>: visite du <b>Domaine Pommery <\/b>et d\u00e9gustation du Pommery Brut Royal Champagne.<br \/>Visite de Hautvillers, berceau de Dom Perignon. S&rsquo;il est un lieu o\u00f9 le mot Champagne prend tout son sens, c&rsquo;est Hautvillers. Le village, typique des villages du vignoble champenois, est le berceau du Champagne. C&rsquo;est ici\u00a0qu&rsquo;un certain Dom P\u00e9rignon mit au point la m\u00e9thode champenoise, qui fit du vin de Champagne le roi des vins.<br \/>Visite de Hautvillers, berceau de Dom Perignon. S&rsquo;il est un lieu o\u00f9 le mot Champagne prend tout son sens, c&rsquo;est Hautvillers. Le village, typique des villages du vignoble champenois, est le berceau du Champagne. C&rsquo;est ici\u00a0qu&rsquo;un certain Dom P\u00e9rignon mit au point la m\u00e9thode champenoise, qui fit du vin de Champagne le roi des vins.<\/p>\t\t\t\t\t\t\t\t<\/div>\n\t\t\t\t<\/div>\n\t\t\t\t\t<\/div>\n\t\t\t\t<\/div>\n\t\t\t\t<\/div>\n\t\t","protected":false},"excerpt":{"rendered":"<p>Champagne \u2013 La l\u00e9gende et la gloire de France Vid\u00e9o de la Champagne Jour 1 : destination \u00c9pernay.Matin : voyage [&hellip;]<\/p>\n","protected":false},"author":1,"featured_media":0,"parent":0,"menu_order":0,"comment_status":"closed","ping_status":"closed","template":"","meta":{"site-sidebar-layout":"no-sidebar","site-content-layout":"","ast-site-content-layout":"full-width-container","site-content-style":"default","site-sidebar-style":"default","ast-global-header-display":"","ast-banner-title-visibility":"","ast-main-header-display":"","ast-hfb-above-header-display":"","ast-hfb-below-header-display":"","ast-hfb-mobile-header-display":"","site-post-title":"","ast-breadcrumbs-content":"","ast-featured-img":"disabled","footer-sml-layout":"","theme-transparent-header-meta":"","adv-header-id-meta":"","stick-header-meta":"","header-above-stick-meta":"","header-main-stick-meta":"","header-below-stick-meta":"","astra-migrate-meta-layouts":"default","ast-page-background-enabled":"default","ast-page-background-meta":{"desktop":{"background-color":"var(--ast-global-color-5)","background-image":"","background-repeat":"repeat","background-position":"center center","background-size":"auto","background-attachment":"scroll","background-type":"","background-media":"","overlay-type":"","overlay-color":"","overlay-opacity":"","overlay-gradient":""},"tablet":{"background-color":"","background-image":"","background-repeat":"repeat","background-position":"center center","background-size":"auto","background-attachment":"scroll","background-type":"","background-media":"","overlay-type":"","overlay-color":"","overlay-opacity":"","overlay-gradient":""},"mobile":{"background-color":"","background-image":"","background-repeat":"repeat","background-position":"center center","background-size":"auto","background-attachment":"scroll","background-type":"","background-media":"","overlay-type":"","overlay-color":"","overlay-opacity":"","overlay-gradient":""}},"ast-content-background-meta":{"desktop":{"background-color":"var(--ast-global-color-4)","background-image":"","background-repeat":"repeat","background-position":"center center","background-size":"auto","background-attachment":"scroll","background-type":"","background-media":"","overlay-type":"","overlay-color":"","overlay-opacity":"","overlay-gradient":""},"tablet":{"background-color":"var(--ast-global-color-4)","background-image":"","background-repeat":"repeat","background-position":"center center","background-size":"auto","background-attachment":"scroll","background-type":"","background-media":"","overlay-type":"","overlay-color":"","overlay-opacity":"","overlay-gradient":""},"mobile":{"background-color":"var(--ast-global-color-4)","background-image":"","background-repeat":"repeat","background-position":"center center","background-size":"auto","background-attachment":"scroll","background-type":"","background-media":"","overlay-type":"","overlay-color":"","overlay-opacity":"","overlay-gradient":""}},"footnotes":""},"class_list":["post-51","page","type-page","status-publish","hentry"],"_links":{"self":[{"href":"https:\/\/hedonismwinetravel.com\/index.php\/wp-json\/wp\/v2\/pages\/51","targetHints":{"allow":["GET"]}}],"collection":[{"href":"https:\/\/hedonismwinetravel.com\/index.php\/wp-json\/wp\/v2\/pages"}],"about":[{"href":"https:\/\/hedonismwinetravel.com\/index.php\/wp-json\/wp\/v2\/types\/page"}],"author":[{"embeddable":true,"href":"https:\/\/hedonismwinetravel.com\/index.php\/wp-json\/wp\/v2\/users\/1"}],"replies":[{"embeddable":true,"href":"https:\/\/hedonismwinetravel.com\/index.php\/wp-json\/wp\/v2\/comments?post=51"}],"version-history":[{"count":41,"href":"https:\/\/hedonismwinetravel.com\/index.php\/wp-json\/wp\/v2\/pages\/51\/revisions"}],"predecessor-version":[{"id":378,"href":"https:\/\/hedonismwinetravel.com\/index.php\/wp-json\/wp\/v2\/pages\/51\/revisions\/378"}],"wp:attachment":[{"href":"https:\/\/hedonismwinetravel.com\/index.php\/wp-json\/wp\/v2\/media?parent=51"}],"curies":[{"name":"wp","href":"https:\/\/api.w.org\/{rel}","templated":true}]}}