{"id":53,"date":"2025-08-28T08:54:48","date_gmt":"2025-08-28T08:54:48","guid":{"rendered":"http:\/\/hedonismwinetravel.com\/?page_id=53"},"modified":"2025-09-08T18:25:25","modified_gmt":"2025-09-08T18:25:25","slug":"le-vignoble-de-bourgogne","status":"publish","type":"page","link":"https:\/\/hedonismwinetravel.com\/index.php\/le-vignoble-de-bourgogne\/","title":{"rendered":"Le vignoble de Bourgogne"},"content":{"rendered":"\t\t<div data-elementor-type=\"wp-page\" data-elementor-id=\"53\" class=\"elementor elementor-53\">\n\t\t\t\t<div class=\"elementor-element elementor-element-45d9791 e-flex e-con-boxed e-con e-parent\" data-id=\"45d9791\" data-element_type=\"container\" data-e-type=\"container\" data-settings=\"{&quot;background_background&quot;:&quot;classic&quot;}\">\n\t\t\t\t\t<div class=\"e-con-inner\">\n\t\t<div class=\"elementor-element elementor-element-6198d56 e-con-full e-flex e-con e-child\" data-id=\"6198d56\" data-element_type=\"container\" data-e-type=\"container\">\n\t\t\t\t<div class=\"elementor-element elementor-element-e3ae8e6 elementor-widget elementor-widget-heading\" data-id=\"e3ae8e6\" data-element_type=\"widget\" data-e-type=\"widget\" data-widget_type=\"heading.default\">\n\t\t\t\t\t<h2 class=\"elementor-heading-title elementor-size-default\">Exp\u00e9rience en Bourgogne<\/h2>\t\t\t\t<\/div>\n\t\t\t\t<div class=\"elementor-element elementor-element-d034ac1 elementor-widget elementor-widget-image\" data-id=\"d034ac1\" data-element_type=\"widget\" data-e-type=\"widget\" data-widget_type=\"image.default\">\n\t\t\t\t\t\t\t\t\t\t\t\t\t\t\t<img fetchpriority=\"high\" decoding=\"async\" width=\"585\" height=\"330\" src=\"https:\/\/hedonismwinetravel.com\/wp-content\/uploads\/2025\/09\/HOSPICE-DE-BEAUNE.jpg\" class=\"attachment-large size-large wp-image-261\" alt=\"\" srcset=\"https:\/\/hedonismwinetravel.com\/wp-content\/uploads\/2025\/09\/HOSPICE-DE-BEAUNE.jpg 585w, https:\/\/hedonismwinetravel.com\/wp-content\/uploads\/2025\/09\/HOSPICE-DE-BEAUNE-300x169.jpg 300w\" sizes=\"(max-width: 585px) 100vw, 585px\" \/>\t\t\t\t\t\t\t\t\t\t\t\t\t\t\t<\/div>\n\t\t\t\t<div class=\"elementor-element elementor-element-c4b6510 elementor-widget elementor-widget-image\" data-id=\"c4b6510\" data-element_type=\"widget\" data-e-type=\"widget\" data-widget_type=\"image.default\">\n\t\t\t\t\t\t\t\t\t\t\t\t\t\t\t<img decoding=\"async\" width=\"465\" height=\"490\" src=\"https:\/\/hedonismwinetravel.com\/wp-content\/uploads\/2025\/09\/ROUTE-bourgogne.jpg\" class=\"attachment-large size-large wp-image-262\" alt=\"\" srcset=\"https:\/\/hedonismwinetravel.com\/wp-content\/uploads\/2025\/09\/ROUTE-bourgogne.jpg 465w, https:\/\/hedonismwinetravel.com\/wp-content\/uploads\/2025\/09\/ROUTE-bourgogne-285x300.jpg 285w\" sizes=\"(max-width: 465px) 100vw, 465px\" \/>\t\t\t\t\t\t\t\t\t\t\t\t\t\t\t<\/div>\n\t\t\t\t<\/div>\n\t\t<div class=\"elementor-element elementor-element-e93ccd9 e-con-full e-flex e-con e-child\" data-id=\"e93ccd9\" data-element_type=\"container\" data-e-type=\"container\" data-settings=\"{&quot;background_background&quot;:&quot;classic&quot;}\">\n\t\t\t\t<div class=\"elementor-element elementor-element-dc07936 elementor-widget elementor-widget-text-editor\" data-id=\"dc07936\" data-element_type=\"widget\" data-e-type=\"widget\" data-widget_type=\"text-editor.default\">\n\t\t\t\t\t\t\t\t\t<p><b>Jour 1<\/b> : destination Beaune.<br \/><b>Matin<\/b> : Situ\u00e9e en Bourgogne, Beaune est un bijou m\u00e9di\u00e9val reconnu pour ses vignobles de renomm\u00e9e mondiale et son architecture historique. Cette petite ville d\u00e9borde de charme et de caract\u00e8re, offrant aux visiteurs une plong\u00e9e fascinante dans le patrimoine de la r\u00e9gion.<br \/>Nous allons commencer par une visite d\u00e9couverte de ses fameux Hospices (<b>les Hospices de Beaune<\/b>), de ses caves et de ses remparts promet une exp\u00e9rience inoubliable.<br \/><b>D\u00e9jeuner<\/b> : Au c\u0153ur de la Bourgogne, dans la capitale des vins de Bourgogne.<br \/>Marilyne &amp; Beno\u00eet Deval vous accueillent dans leur restaurant \u00ab <b>Le Cheval Noir <\/b>\u00bb, dans un cadre moderne et chaleureux.<br \/><b>L\u2019apr\u00e8s-midi<\/b> : Poursuite de notre visite, la Coll\u00e9giale Notre-Dame et la promenade le long des remparts. N&rsquo;oubliez pas de faire une d\u00e9gustation de vin dans l&rsquo;une des nombreuses caves de la ville.<\/p><p><b>Jour 2 <\/b>:\u00a0 Route des Grands Crus<br \/><b>Matin<\/b> : Profitez d&rsquo;un moment privil\u00e9gi\u00e9 avec notre guide expert lors de notre excursion viticole. Ils vous feront partager leur passion et leur connaissance du vin, des vignobles et de notre belle r\u00e9gion. La Bourgogne n&rsquo;aura plus de secrets pour vous.<br \/><b>D\u00e9jeuner<\/b> : Quand un vigneron de la c\u00f4te de Beaune rencontre un chef \u00e9toil\u00e9, cela donne Prosper ! Un joli bistrot contemporain au sein du ch\u00e2teau de Saint-Aubin, fruit de la collaboration entre le domaine Prosper Maufoux et le restaurateur \u00c9douard Mignot (Ed.Em \u00e0 Chassagne-Montrachet). Le chef propose une carte inspir\u00e9e par le terroir bourguignon. Plaisante terrasse avec vue sur les vignes.<br \/><b>L\u2019apr\u00e8s-midi <\/b>: Retrouvez au c\u0153ur du paysage viticole mill\u00e9naire, la nouvelle demeure de la <b>Maison Prosper <\/b><b>Maufoux<\/b> : le Ch\u00e2teau de Saint-Aubin. Une b\u00e2tisse contemplant plus de 300 ans d&rsquo;histoire, offrant confort et modernit\u00e9 au travers de ses luxueuses chambres d&rsquo;h\u00f4tes et son offre de d\u00e9gustations et d&rsquo;exp\u00e9riences viticoles. Des caves aux vignobles, explorez toute la diversit\u00e9 des c\u00e9l\u00e8bres Climats de Bourgogne et des secrets de la vinification de Prosper Maufoux. Initiez vos papilles aux subtilit\u00e9s de la d\u00e9gustation et du service, ainsi qu\u2019\u00e0 la magie des accords mets et vins.<\/p>\t\t\t\t\t\t\t\t<\/div>\n\t\t\t\t<\/div>\n\t\t\t\t\t<\/div>\n\t\t\t\t<\/div>\n\t\t\t\t<\/div>\n\t\t","protected":false},"excerpt":{"rendered":"<p>Exp\u00e9rience en Bourgogne Jour 1 : destination Beaune.Matin : Situ\u00e9e en Bourgogne, Beaune est un bijou m\u00e9di\u00e9val reconnu pour ses [&hellip;]<\/p>\n","protected":false},"author":1,"featured_media":0,"parent":0,"menu_order":0,"comment_status":"closed","ping_status":"closed","template":"","meta":{"site-sidebar-layout":"no-sidebar","site-content-layout":"","ast-site-content-layout":"full-width-container","site-content-style":"default","site-sidebar-style":"default","ast-global-header-display":"","ast-banner-title-visibility":"","ast-main-header-display":"","ast-hfb-above-header-display":"","ast-hfb-below-header-display":"","ast-hfb-mobile-header-display":"","site-post-title":"","ast-breadcrumbs-content":"","ast-featured-img":"disabled","footer-sml-layout":"","theme-transparent-header-meta":"","adv-header-id-meta":"","stick-header-meta":"","header-above-stick-meta":"","header-main-stick-meta":"","header-below-stick-meta":"","astra-migrate-meta-layouts":"default","ast-page-background-enabled":"default","ast-page-background-meta":{"desktop":{"background-color":"var(--ast-global-color-5)","background-image":"","background-repeat":"repeat","background-position":"center center","background-size":"auto","background-attachment":"scroll","background-type":"","background-media":"","overlay-type":"","overlay-color":"","overlay-opacity":"","overlay-gradient":""},"tablet":{"background-color":"","background-image":"","background-repeat":"repeat","background-position":"center center","background-size":"auto","background-attachment":"scroll","background-type":"","background-media":"","overlay-type":"","overlay-color":"","overlay-opacity":"","overlay-gradient":""},"mobile":{"background-color":"","background-image":"","background-repeat":"repeat","background-position":"center center","background-size":"auto","background-attachment":"scroll","background-type":"","background-media":"","overlay-type":"","overlay-color":"","overlay-opacity":"","overlay-gradient":""}},"ast-content-background-meta":{"desktop":{"background-color":"var(--ast-global-color-4)","background-image":"","background-repeat":"repeat","background-position":"center center","background-size":"auto","background-attachment":"scroll","background-type":"","background-media":"","overlay-type":"","overlay-color":"","overlay-opacity":"","overlay-gradient":""},"tablet":{"background-color":"var(--ast-global-color-4)","background-image":"","background-repeat":"repeat","background-position":"center center","background-size":"auto","background-attachment":"scroll","background-type":"","background-media":"","overlay-type":"","overlay-color":"","overlay-opacity":"","overlay-gradient":""},"mobile":{"background-color":"var(--ast-global-color-4)","background-image":"","background-repeat":"repeat","background-position":"center center","background-size":"auto","background-attachment":"scroll","background-type":"","background-media":"","overlay-type":"","overlay-color":"","overlay-opacity":"","overlay-gradient":""}},"footnotes":""},"class_list":["post-53","page","type-page","status-publish","hentry"],"_links":{"self":[{"href":"https:\/\/hedonismwinetravel.com\/index.php\/wp-json\/wp\/v2\/pages\/53","targetHints":{"allow":["GET"]}}],"collection":[{"href":"https:\/\/hedonismwinetravel.com\/index.php\/wp-json\/wp\/v2\/pages"}],"about":[{"href":"https:\/\/hedonismwinetravel.com\/index.php\/wp-json\/wp\/v2\/types\/page"}],"author":[{"embeddable":true,"href":"https:\/\/hedonismwinetravel.com\/index.php\/wp-json\/wp\/v2\/users\/1"}],"replies":[{"embeddable":true,"href":"https:\/\/hedonismwinetravel.com\/index.php\/wp-json\/wp\/v2\/comments?post=53"}],"version-history":[{"count":32,"href":"https:\/\/hedonismwinetravel.com\/index.php\/wp-json\/wp\/v2\/pages\/53\/revisions"}],"predecessor-version":[{"id":528,"href":"https:\/\/hedonismwinetravel.com\/index.php\/wp-json\/wp\/v2\/pages\/53\/revisions\/528"}],"wp:attachment":[{"href":"https:\/\/hedonismwinetravel.com\/index.php\/wp-json\/wp\/v2\/media?parent=53"}],"curies":[{"name":"wp","href":"https:\/\/api.w.org\/{rel}","templated":true}]}}