{"id":55,"date":"2025-08-28T08:55:30","date_gmt":"2025-08-28T08:55:30","guid":{"rendered":"http:\/\/hedonismwinetravel.com\/?page_id=55"},"modified":"2025-09-08T18:30:47","modified_gmt":"2025-09-08T18:30:47","slug":"le-vignoble-de-bordeaux","status":"publish","type":"page","link":"https:\/\/hedonismwinetravel.com\/index.php\/le-vignoble-de-bordeaux\/","title":{"rendered":"Le vignoble de Bordeaux"},"content":{"rendered":"\t\t<div data-elementor-type=\"wp-page\" data-elementor-id=\"55\" class=\"elementor elementor-55\">\n\t\t\t\t<div class=\"elementor-element elementor-element-6ca4a9d e-con-full e-flex e-con e-parent\" data-id=\"6ca4a9d\" data-element_type=\"container\" data-e-type=\"container\">\n\t\t<div class=\"elementor-element elementor-element-a163464 e-con-full e-flex e-con e-child\" data-id=\"a163464\" data-element_type=\"container\" data-e-type=\"container\">\n\t\t\t\t<div class=\"elementor-element elementor-element-e2b4ec2 elementor-widget elementor-widget-heading\" data-id=\"e2b4ec2\" data-element_type=\"widget\" data-e-type=\"widget\" data-widget_type=\"heading.default\">\n\t\t\t\t\t<h2 class=\"elementor-heading-title elementor-size-default\">Les grands vins de Bordeaux<\/h2>\t\t\t\t<\/div>\n\t\t\t\t<div class=\"elementor-element elementor-element-a63ac13 elementor-widget elementor-widget-image\" data-id=\"a63ac13\" data-element_type=\"widget\" data-e-type=\"widget\" data-widget_type=\"image.default\">\n\t\t\t\t\t\t\t\t\t\t\t\t\t\t\t<img fetchpriority=\"high\" decoding=\"async\" width=\"602\" height=\"279\" src=\"https:\/\/hedonismwinetravel.com\/wp-content\/uploads\/2025\/09\/BORDEAUX.jpg\" class=\"attachment-large size-large wp-image-254\" alt=\"\" srcset=\"https:\/\/hedonismwinetravel.com\/wp-content\/uploads\/2025\/09\/BORDEAUX.jpg 602w, https:\/\/hedonismwinetravel.com\/wp-content\/uploads\/2025\/09\/BORDEAUX-300x139.jpg 300w\" sizes=\"(max-width: 602px) 100vw, 602px\" \/>\t\t\t\t\t\t\t\t\t\t\t\t\t\t\t<\/div>\n\t\t\t\t<div class=\"elementor-element elementor-element-37de00e elementor-widget elementor-widget-image\" data-id=\"37de00e\" data-element_type=\"widget\" data-e-type=\"widget\" data-widget_type=\"image.default\">\n\t\t\t\t\t\t\t\t\t\t\t\t\t\t\t<img decoding=\"async\" width=\"640\" height=\"299\" src=\"https:\/\/hedonismwinetravel.com\/wp-content\/uploads\/2025\/09\/ROUTE-bordeaux.jpg\" class=\"attachment-large size-large wp-image-252\" alt=\"grands vins de bordeaux avec d\u00e9gustation et d\u00e9couverte du vignoble\" srcset=\"https:\/\/hedonismwinetravel.com\/wp-content\/uploads\/2025\/09\/ROUTE-bordeaux.jpg 640w, https:\/\/hedonismwinetravel.com\/wp-content\/uploads\/2025\/09\/ROUTE-bordeaux-300x140.jpg 300w\" sizes=\"(max-width: 640px) 100vw, 640px\" \/>\t\t\t\t\t\t\t\t\t\t\t\t\t\t\t<\/div>\n\t\t\t\t<\/div>\n\t\t<div class=\"elementor-element elementor-element-08c20b8 e-con-full e-flex e-con e-child\" data-id=\"08c20b8\" data-element_type=\"container\" data-e-type=\"container\">\n\t\t\t\t<div class=\"elementor-element elementor-element-4e8a139 elementor-widget elementor-widget-text-editor\" data-id=\"4e8a139\" data-element_type=\"widget\" data-e-type=\"widget\" data-widget_type=\"text-editor.default\">\n\t\t\t\t\t\t\t\t\t<p><b>Jour 1\u00a0:<\/b> Bordeaux (la premi\u00e8re ville fran\u00e7aise \u00e0 avoir obtenu le label Destination pour tous).<br \/><b>Matin\u00a0:<\/b> excursion \u00e0 <b>Bordeaux<\/b> et la visite de LA CIT\u00c9 DU VIN.<br \/><b>D\u00e9jeuner\u00a0:<\/b> LA\u00a0TUPINA\u00a0&#8211;\u00a06,\u00a0rue\u00a0Porte\u00a0de\u00a0la\u00a0Monnaie\u00a033800\u00a0BORDEAUX. La Tupina est aujourd\u2019hui reconnue pour \u00eatre une table de r\u00e9f\u00e9rence dans la d\u00e9fense des traditions et produits gastronomiques du Sud-Ouest, mais aussi une table conviviale, dans un cadre chaleureux.<br \/>L\u2019apr\u00e8s-midi : le temps libre, shopping (Bordeaux ce n\u2019est pas seulement la Rue Sainte Catherine et ses enseignes mondialement connues mais aussi des tas de petites boutiques de quartiers qui regorgent de p\u00e9pites ! Bijoux, pr\u00eat-\u00e0-porter, \u00e9picerie fine, d\u00e9co, cosm\u00e9tiques, fleurs, chocolats\u2026il y en a pour toutes les envies et tous les budgets.)<br \/><b>Diner<\/b> : LE PRESSOIRS D\u2019ARGENT &#8211; 5 cours de l\u2019Intendance, 33000 BORDEAUX<br \/>De son profond respect pour l\u2019authenticit\u00e9 des produits, Gordon Ramsay offre une carte qui fait la part belle aux produits r\u00e9gionaux. Foie gras des Landes, l\u00e9gumes issus de l\u2019agriculture biologique du Pays Basque, homard breton\u2026 sont autant d\u2019hommages \u00e0 la grande richesse du patrimoine culinaire fran\u00e7ais.<br \/><b>H\u00e9bergement<\/b> : InterContinental Bordeaux \u2013 Le Grand H\u00f4tel***** \u2013 h\u00f4tel\u00a0 de niveau 1 de programme \u00ab Green Engage \u00bb \u00e0 avoir compl\u00e9t\u00e9 dix solutions de meilleures pratiques et les ont mises en place pour r\u00e9ussir des activit\u00e9s qui fournissent des \u00e9conomies d&rsquo;\u00e9nergie et de co\u00fbts imm\u00e9diats.<\/p><p><b>Jour 2 <\/b>: M\u00e9doc (dur\u00e9e 8 heures au d\u00e9part de Bordeaux).<br \/><b>Matin<\/b> : visite du ch\u00e2teau <b>Ch\u00e2teau<\/b><b> Latour<\/b>.<br \/><b>D\u00e9jeuner<\/b> au restaurant gastronomique CORDEILLAN-BAGES.<br \/>Au restaurant, le chef sublime les produits du Sud-Ouest et propose un dialogue \u00e9tonnant entre une cuisine contemporaine savoureuse et les grands crus du Bordelais.<br \/><b>L\u2019apr\u00e8s-midi :<\/b> visite avec une d\u00e9gustation du domaine viticole \u00ab\u00a0Ch\u00e2teau Pontet-Canet\u00a0\u00bb.<br \/>Les vins du ch\u00e2teau Pontet-Canet sont certifi\u00e9s en agriculture biologique par Ecocert et biodynamique par Biodyvin pour l\u2019int\u00e9gralit\u00e9 du vignoble depuis 2010 et par Demeter depuis 2014.<\/p>\t\t\t\t\t\t\t\t<\/div>\n\t\t\t\t<\/div>\n\t\t\t\t<\/div>\n\t\t\t\t<\/div>\n\t\t","protected":false},"excerpt":{"rendered":"<p>Les grands vins de Bordeaux Jour 1\u00a0: Bordeaux (la premi\u00e8re ville fran\u00e7aise \u00e0 avoir obtenu le label Destination pour tous).Matin\u00a0: [&hellip;]<\/p>\n","protected":false},"author":1,"featured_media":0,"parent":0,"menu_order":0,"comment_status":"closed","ping_status":"closed","template":"","meta":{"site-sidebar-layout":"no-sidebar","site-content-layout":"","ast-site-content-layout":"full-width-container","site-content-style":"default","site-sidebar-style":"default","ast-global-header-display":"","ast-banner-title-visibility":"","ast-main-header-display":"","ast-hfb-above-header-display":"","ast-hfb-below-header-display":"","ast-hfb-mobile-header-display":"","site-post-title":"","ast-breadcrumbs-content":"","ast-featured-img":"disabled","footer-sml-layout":"","theme-transparent-header-meta":"","adv-header-id-meta":"","stick-header-meta":"","header-above-stick-meta":"","header-main-stick-meta":"","header-below-stick-meta":"","astra-migrate-meta-layouts":"default","ast-page-background-enabled":"default","ast-page-background-meta":{"desktop":{"background-color":"var(--ast-global-color-5)","background-image":"","background-repeat":"repeat","background-position":"center center","background-size":"auto","background-attachment":"scroll","background-type":"","background-media":"","overlay-type":"","overlay-color":"","overlay-opacity":"","overlay-gradient":""},"tablet":{"background-color":"","background-image":"","background-repeat":"repeat","background-position":"center center","background-size":"auto","background-attachment":"scroll","background-type":"","background-media":"","overlay-type":"","overlay-color":"","overlay-opacity":"","overlay-gradient":""},"mobile":{"background-color":"","background-image":"","background-repeat":"repeat","background-position":"center center","background-size":"auto","background-attachment":"scroll","background-type":"","background-media":"","overlay-type":"","overlay-color":"","overlay-opacity":"","overlay-gradient":""}},"ast-content-background-meta":{"desktop":{"background-color":"var(--ast-global-color-4)","background-image":"","background-repeat":"repeat","background-position":"center center","background-size":"auto","background-attachment":"scroll","background-type":"","background-media":"","overlay-type":"","overlay-color":"","overlay-opacity":"","overlay-gradient":""},"tablet":{"background-color":"var(--ast-global-color-4)","background-image":"","background-repeat":"repeat","background-position":"center center","background-size":"auto","background-attachment":"scroll","background-type":"","background-media":"","overlay-type":"","overlay-color":"","overlay-opacity":"","overlay-gradient":""},"mobile":{"background-color":"var(--ast-global-color-4)","background-image":"","background-repeat":"repeat","background-position":"center center","background-size":"auto","background-attachment":"scroll","background-type":"","background-media":"","overlay-type":"","overlay-color":"","overlay-opacity":"","overlay-gradient":""}},"footnotes":""},"class_list":["post-55","page","type-page","status-publish","hentry"],"_links":{"self":[{"href":"https:\/\/hedonismwinetravel.com\/index.php\/wp-json\/wp\/v2\/pages\/55","targetHints":{"allow":["GET"]}}],"collection":[{"href":"https:\/\/hedonismwinetravel.com\/index.php\/wp-json\/wp\/v2\/pages"}],"about":[{"href":"https:\/\/hedonismwinetravel.com\/index.php\/wp-json\/wp\/v2\/types\/page"}],"author":[{"embeddable":true,"href":"https:\/\/hedonismwinetravel.com\/index.php\/wp-json\/wp\/v2\/users\/1"}],"replies":[{"embeddable":true,"href":"https:\/\/hedonismwinetravel.com\/index.php\/wp-json\/wp\/v2\/comments?post=55"}],"version-history":[{"count":25,"href":"https:\/\/hedonismwinetravel.com\/index.php\/wp-json\/wp\/v2\/pages\/55\/revisions"}],"predecessor-version":[{"id":415,"href":"https:\/\/hedonismwinetravel.com\/index.php\/wp-json\/wp\/v2\/pages\/55\/revisions\/415"}],"wp:attachment":[{"href":"https:\/\/hedonismwinetravel.com\/index.php\/wp-json\/wp\/v2\/media?parent=55"}],"curies":[{"name":"wp","href":"https:\/\/api.w.org\/{rel}","templated":true}]}}