{"id":6,"date":"2025-08-12T08:54:42","date_gmt":"2025-08-12T08:54:42","guid":{"rendered":"http:\/\/hedonismwinetravel.com\/?page_id=6"},"modified":"2025-09-11T18:50:44","modified_gmt":"2025-09-11T18:50:44","slug":"accueil","status":"publish","type":"page","link":"https:\/\/hedonismwinetravel.com\/","title":{"rendered":"Accueil"},"content":{"rendered":"\t\t<div data-elementor-type=\"wp-page\" data-elementor-id=\"6\" class=\"elementor elementor-6\">\n\t\t\t\t<div class=\"elementor-element elementor-element-dbabd33 e-flex e-con-boxed e-con e-parent\" data-id=\"dbabd33\" data-element_type=\"container\" data-e-type=\"container\">\n\t\t\t\t\t<div class=\"e-con-inner\">\n\t\t<div class=\"elementor-element elementor-element-83645f4 e-con-full e-flex e-con e-child\" data-id=\"83645f4\" data-element_type=\"container\" data-e-type=\"container\">\n\t\t\t\t<div class=\"elementor-element elementor-element-f26d9ec elementor-widget elementor-widget-image\" data-id=\"f26d9ec\" data-element_type=\"widget\" data-e-type=\"widget\" data-widget_type=\"image.default\">\n\t\t\t\t\t\t\t\t\t\t\t\t\t\t\t\t<a href=\"http:\/\/hedonismwinetravel.com\/index.php\/oenotourisme\/\">\n\t\t\t\t\t\t\t<img fetchpriority=\"high\" decoding=\"async\" width=\"1024\" height=\"576\" src=\"https:\/\/hedonismwinetravel.com\/wp-content\/uploads\/2025\/09\/ACCUEIL-01-1024x576.jpg\" class=\"attachment-large size-large wp-image-106\" alt=\"\" srcset=\"https:\/\/hedonismwinetravel.com\/wp-content\/uploads\/2025\/09\/ACCUEIL-01-1024x576.jpg 1024w, https:\/\/hedonismwinetravel.com\/wp-content\/uploads\/2025\/09\/ACCUEIL-01-300x169.jpg 300w, https:\/\/hedonismwinetravel.com\/wp-content\/uploads\/2025\/09\/ACCUEIL-01-768x432.jpg 768w, https:\/\/hedonismwinetravel.com\/wp-content\/uploads\/2025\/09\/ACCUEIL-01.jpg 1280w\" sizes=\"(max-width: 1024px) 100vw, 1024px\" \/>\t\t\t\t\t\t\t\t<\/a>\n\t\t\t\t\t\t\t\t\t\t\t\t\t\t\t<\/div>\n\t\t\t\t<div class=\"elementor-element elementor-element-e0978fa elementor-widget elementor-widget-heading\" data-id=\"e0978fa\" data-element_type=\"widget\" data-e-type=\"widget\" data-widget_type=\"heading.default\">\n\t\t\t\t\t<h2 class=\"elementor-heading-title elementor-size-default\">Le vignoble Fran\u00e7ais<\/h2>\t\t\t\t<\/div>\n\t\t\t\t<div class=\"elementor-element elementor-element-cf6d2ac elementor-widget elementor-widget-text-editor\" data-id=\"cf6d2ac\" data-element_type=\"widget\" data-e-type=\"widget\" data-widget_type=\"text-editor.default\">\n\t\t\t\t\t\t\t\t\t<p>Vivre une exp\u00e9rience unique. Paris est associ\u00e9 au luxe gr\u00e2ce \u00e0 ces nombreux palaces, boutiques haute couture, restaurants gastronomiques. D\u00e9couvrez nos exp\u00e9riences in\u00e9dites voire secr\u00e8tes dans l&rsquo;univers du vins. Les voyages combinant savoir-faire et art-de-vivre fran\u00e7ais, l\u2019exp\u00e9rience unique et authentique du terroir.<\/p>\t\t\t\t\t\t\t\t<\/div>\n\t\t\t\t<\/div>\n\t\t<div class=\"elementor-element elementor-element-4e7d0a2 e-con-full e-flex e-con e-child\" data-id=\"4e7d0a2\" data-element_type=\"container\" data-e-type=\"container\">\n\t\t\t\t<div class=\"elementor-element elementor-element-fb519a9 elementor-widget elementor-widget-image\" data-id=\"fb519a9\" data-element_type=\"widget\" data-e-type=\"widget\" data-widget_type=\"image.default\">\n\t\t\t\t\t\t\t\t\t\t\t\t\t\t\t\t<a href=\"http:\/\/hedonismwinetravel.com\/index.php\/caviste\/\">\n\t\t\t\t\t\t\t<img decoding=\"async\" width=\"1024\" height=\"576\" src=\"https:\/\/hedonismwinetravel.com\/wp-content\/uploads\/2025\/09\/ACCUEIL-02-1024x576.jpg\" class=\"attachment-large size-large wp-image-108\" alt=\"\" srcset=\"https:\/\/hedonismwinetravel.com\/wp-content\/uploads\/2025\/09\/ACCUEIL-02-1024x576.jpg 1024w, https:\/\/hedonismwinetravel.com\/wp-content\/uploads\/2025\/09\/ACCUEIL-02-300x169.jpg 300w, https:\/\/hedonismwinetravel.com\/wp-content\/uploads\/2025\/09\/ACCUEIL-02-768x432.jpg 768w, https:\/\/hedonismwinetravel.com\/wp-content\/uploads\/2025\/09\/ACCUEIL-02.jpg 1280w\" sizes=\"(max-width: 1024px) 100vw, 1024px\" \/>\t\t\t\t\t\t\t\t<\/a>\n\t\t\t\t\t\t\t\t\t\t\t\t\t\t\t<\/div>\n\t\t\t\t<div class=\"elementor-element elementor-element-390c184 elementor-widget elementor-widget-heading\" data-id=\"390c184\" data-element_type=\"widget\" data-e-type=\"widget\" data-widget_type=\"heading.default\">\n\t\t\t\t\t<h2 class=\"elementor-heading-title elementor-size-default\">Cave - Cadeaux clients<\/h2>\t\t\t\t<\/div>\n\t\t\t\t<div class=\"elementor-element elementor-element-8690faa elementor-widget elementor-widget-text-editor\" data-id=\"8690faa\" data-element_type=\"widget\" data-e-type=\"widget\" data-widget_type=\"text-editor.default\">\n\t\t\t\t\t\t\t\t\t<p>Le plaisir d\u2019offrir un cadeau sur mesure en associant dans un coffret un prestigieux flacon\u00a0<span style=\"font-style: inherit; font-weight: inherit;\">de champagne accompagn\u00e9 de sp\u00e9cialit\u00e9s gastronomiques. Laisser vous sublimer par l&rsquo;\u00e9l\u00e9gance de nos coffrets. <\/span>Faire d\u00e9couvrir nos terroirs par des coffrets de nos vins incontournables, \u00e0 offrir ou s&rsquo;offrir pour des moments inoubliables.<\/p>\t\t\t\t\t\t\t\t<\/div>\n\t\t\t\t<\/div>\n\t\t<div class=\"elementor-element elementor-element-9a430ea e-con-full e-flex e-con e-child\" data-id=\"9a430ea\" data-element_type=\"container\" data-e-type=\"container\">\n\t\t\t\t<div class=\"elementor-element elementor-element-73c91e6 elementor-widget elementor-widget-image\" data-id=\"73c91e6\" data-element_type=\"widget\" data-e-type=\"widget\" data-widget_type=\"image.default\">\n\t\t\t\t\t\t\t\t\t\t\t\t\t\t\t\t<a href=\"http:\/\/hedonismwinetravel.com\/index.php\/comite-dentreprise\/\">\n\t\t\t\t\t\t\t<img decoding=\"async\" width=\"1024\" height=\"576\" src=\"https:\/\/hedonismwinetravel.com\/wp-content\/uploads\/2025\/09\/ACCUEIL-04-1-1024x576.jpg\" class=\"attachment-large size-large wp-image-111\" alt=\"\" srcset=\"https:\/\/hedonismwinetravel.com\/wp-content\/uploads\/2025\/09\/ACCUEIL-04-1-1024x576.jpg 1024w, https:\/\/hedonismwinetravel.com\/wp-content\/uploads\/2025\/09\/ACCUEIL-04-1-300x169.jpg 300w, https:\/\/hedonismwinetravel.com\/wp-content\/uploads\/2025\/09\/ACCUEIL-04-1-768x432.jpg 768w, https:\/\/hedonismwinetravel.com\/wp-content\/uploads\/2025\/09\/ACCUEIL-04-1.jpg 1280w\" sizes=\"(max-width: 1024px) 100vw, 1024px\" \/>\t\t\t\t\t\t\t\t<\/a>\n\t\t\t\t\t\t\t\t\t\t\t\t\t\t\t<\/div>\n\t\t\t\t<div class=\"elementor-element elementor-element-bbcfadc elementor-widget elementor-widget-heading\" data-id=\"bbcfadc\" data-element_type=\"widget\" data-e-type=\"widget\" data-widget_type=\"heading.default\">\n\t\t\t\t\t<h2 class=\"elementor-heading-title elementor-size-default\">Conseil achat CSE<\/h2>\t\t\t\t<\/div>\n\t\t\t\t<div class=\"elementor-element elementor-element-64d3a43 elementor-widget elementor-widget-text-editor\" data-id=\"64d3a43\" data-element_type=\"widget\" data-e-type=\"widget\" data-widget_type=\"text-editor.default\">\n\t\t\t\t\t\t\t\t\t<p>Fort d&rsquo;une exp\u00e9rience de plus de 25 ans dans le domaine \u0153nologique et ayant une excellente connaissance des vignobles Fran\u00e7ais, Hedonism Wine Travel vous accompagne pour d\u00e9couvrir les meilleurs produits pour vos collaborateurs. Un catalogue qui vous transporte au c\u0153ur des vignobles de France<\/p>\t\t\t\t\t\t\t\t<\/div>\n\t\t\t\t<\/div>\n\t\t\t\t\t<\/div>\n\t\t\t\t<\/div>\n\t\t<div class=\"elementor-element elementor-element-8ec3b6b e-con-full e-flex e-con e-parent\" data-id=\"8ec3b6b\" data-element_type=\"container\" data-e-type=\"container\">\n\t\t<div class=\"elementor-element elementor-element-f3596ff e-con-full e-flex e-con e-child\" data-id=\"f3596ff\" data-element_type=\"container\" data-e-type=\"container\">\n\t\t\t\t<div class=\"elementor-element elementor-element-639faf7 elementor-widget elementor-widget-image\" data-id=\"639faf7\" data-element_type=\"widget\" data-e-type=\"widget\" data-widget_type=\"image.default\">\n\t\t\t\t\t\t\t\t\t\t\t\t\t\t\t<img loading=\"lazy\" decoding=\"async\" width=\"1024\" height=\"282\" src=\"https:\/\/hedonismwinetravel.com\/wp-content\/uploads\/2025\/09\/BANDEAUX-1-1024x282.jpg\" class=\"attachment-large size-large wp-image-160\" alt=\"Vigne terroir champagne\" srcset=\"https:\/\/hedonismwinetravel.com\/wp-content\/uploads\/2025\/09\/BANDEAUX-1-1024x282.jpg 1024w, https:\/\/hedonismwinetravel.com\/wp-content\/uploads\/2025\/09\/BANDEAUX-1-300x83.jpg 300w, https:\/\/hedonismwinetravel.com\/wp-content\/uploads\/2025\/09\/BANDEAUX-1-768x212.jpg 768w, https:\/\/hedonismwinetravel.com\/wp-content\/uploads\/2025\/09\/BANDEAUX-1.jpg 1274w\" sizes=\"(max-width: 1024px) 100vw, 1024px\" \/>\t\t\t\t\t\t\t\t\t\t\t\t\t\t\t<\/div>\n\t\t\t\t<\/div>\n\t\t\t\t<\/div>\n\t\t\t\t<\/div>\n\t\t","protected":false},"excerpt":{"rendered":"<p>Le vignoble Fran\u00e7ais Vivre une exp\u00e9rience unique. Paris est associ\u00e9 au luxe gr\u00e2ce \u00e0 ces nombreux palaces, boutiques haute couture, [&hellip;]<\/p>\n","protected":false},"author":1,"featured_media":0,"parent":0,"menu_order":0,"comment_status":"closed","ping_status":"closed","template":"","meta":{"site-sidebar-layout":"no-sidebar","site-content-layout":"","ast-site-content-layout":"full-width-container","site-content-style":"default","site-sidebar-style":"default","ast-global-header-display":"","ast-banner-title-visibility":"","ast-main-header-display":"","ast-hfb-above-header-display":"","ast-hfb-below-header-display":"","ast-hfb-mobile-header-display":"","site-post-title":"","ast-breadcrumbs-content":"","ast-featured-img":"disabled","footer-sml-layout":"","theme-transparent-header-meta":"","adv-header-id-meta":"","stick-header-meta":"","header-above-stick-meta":"","header-main-stick-meta":"","header-below-stick-meta":"","astra-migrate-meta-layouts":"default","ast-page-background-enabled":"default","ast-page-background-meta":{"desktop":{"background-color":"var(--ast-global-color-5)","background-image":"","background-repeat":"repeat","background-position":"center center","background-size":"auto","background-attachment":"scroll","background-type":"","background-media":"","overlay-type":"","overlay-color":"","overlay-opacity":"","overlay-gradient":""},"tablet":{"background-color":"","background-image":"","background-repeat":"repeat","background-position":"center center","background-size":"auto","background-attachment":"scroll","background-type":"","background-media":"","overlay-type":"","overlay-color":"","overlay-opacity":"","overlay-gradient":""},"mobile":{"background-color":"","background-image":"","background-repeat":"repeat","background-position":"center center","background-size":"auto","background-attachment":"scroll","background-type":"","background-media":"","overlay-type":"","overlay-color":"","overlay-opacity":"","overlay-gradient":""}},"ast-content-background-meta":{"desktop":{"background-color":"var(--ast-global-color-4)","background-image":"","background-repeat":"repeat","background-position":"center center","background-size":"auto","background-attachment":"scroll","background-type":"","background-media":"","overlay-type":"","overlay-color":"","overlay-opacity":"","overlay-gradient":""},"tablet":{"background-color":"var(--ast-global-color-4)","background-image":"","background-repeat":"repeat","background-position":"center center","background-size":"auto","background-attachment":"scroll","background-type":"","background-media":"","overlay-type":"","overlay-color":"","overlay-opacity":"","overlay-gradient":""},"mobile":{"background-color":"var(--ast-global-color-4)","background-image":"","background-repeat":"repeat","background-position":"center center","background-size":"auto","background-attachment":"scroll","background-type":"","background-media":"","overlay-type":"","overlay-color":"","overlay-opacity":"","overlay-gradient":""}},"footnotes":""},"class_list":["post-6","page","type-page","status-publish","hentry"],"_links":{"self":[{"href":"https:\/\/hedonismwinetravel.com\/index.php\/wp-json\/wp\/v2\/pages\/6","targetHints":{"allow":["GET"]}}],"collection":[{"href":"https:\/\/hedonismwinetravel.com\/index.php\/wp-json\/wp\/v2\/pages"}],"about":[{"href":"https:\/\/hedonismwinetravel.com\/index.php\/wp-json\/wp\/v2\/types\/page"}],"author":[{"embeddable":true,"href":"https:\/\/hedonismwinetravel.com\/index.php\/wp-json\/wp\/v2\/users\/1"}],"replies":[{"embeddable":true,"href":"https:\/\/hedonismwinetravel.com\/index.php\/wp-json\/wp\/v2\/comments?post=6"}],"version-history":[{"count":106,"href":"https:\/\/hedonismwinetravel.com\/index.php\/wp-json\/wp\/v2\/pages\/6\/revisions"}],"predecessor-version":[{"id":549,"href":"https:\/\/hedonismwinetravel.com\/index.php\/wp-json\/wp\/v2\/pages\/6\/revisions\/549"}],"wp:attachment":[{"href":"https:\/\/hedonismwinetravel.com\/index.php\/wp-json\/wp\/v2\/media?parent=6"}],"curies":[{"name":"wp","href":"https:\/\/api.w.org\/{rel}","templated":true}]}}